{"id":760,"date":"2021-11-23T10:13:57","date_gmt":"2021-11-23T10:13:57","guid":{"rendered":"https:\/\/kita-schatztruhe.info\/?page_id=760"},"modified":"2021-11-23T10:32:16","modified_gmt":"2021-11-23T10:32:16","slug":"team","status":"publish","type":"page","link":"https:\/\/kita-schatztruhe.info\/?page_id=760","title":{"rendered":"Team"},"content":{"rendered":"\n<p>Unser Team fungiert in seiner organisatorischen und p\u00e4dagogischen Arbeit nach innen und au\u00dfen als eine Einheit, in der jeder Erzieher durch ihre eigene Individualit\u00e4t und Spezialisierung das gemeinsame Erscheinungsbild unserer Kindertagesst\u00e4tte pr\u00e4gt.<\/p>\n\n\n\n<p>In w\u00f6chentlichen Teamsitzungen werden k\u00fcnftige Absprachen getroffen, die vergangenen Tage ausgewertet und Informationen an das gesamte Team weitergegeben. Einmal im Monat beraten wir uns w\u00e4hrend einer Dienstberatung zu einem p\u00e4dagogischen, psychologischen oder entwicklungsphysiologischen Thema.&nbsp; W\u00e4hrend des w\u00f6chentlich stattfindenden Fachaustausches in den einzelnen Bereichen treten wir als Erzieher zur Entwicklung einzelner Kinder und der Portfolioreflexion in einen konstruktiven Dialog.<\/p>\n\n\n\n<p>Entsprechend individueller St\u00e4rken und Interessen sowie organisatorischer Notwendigkeiten \u00fcbernimmt jedes Teammitglied die Verantwortung \u00fcber spezifische Aufgaben und R\u00e4ume f\u00fcr die Allgemeinheit des Bereiches.<\/p>\n\n\n\n<p>Unsere beruflichen Qualifikationen passen wir w\u00e4hrend zwei Teamfortbildungstagen im Jahr und individueller Weiterbildungen an die neuesten Erkenntnisse und gesellschaftlichen Entwicklungen an.<\/p>\n","protected":false},"excerpt":{"rendered":"<p>Unser Team fungiert in seiner organisatorischen und p\u00e4dagogischen Arbeit nach innen und au\u00dfen als eine Einheit, in der jeder Erzieher durch ihre eigene Individualit\u00e4t und Spezialisierung das gemeinsame Erscheinungsbild unserer Kindertagesst\u00e4tte pr\u00e4gt. In w\u00f6chentlichen Teamsitzungen werden k\u00fcnftige Absprachen getroffen, die vergangenen Tage ausgewertet und Informationen an das gesamte Team weitergegeben. Einmal im Monat beraten wir &hellip; <a href=\"https:\/\/kita-schatztruhe.info\/?page_id=760\" class=\"more-link\"><span class=\"screen-reader-text\">Team<\/span> weiterlesen<\/a><\/p>\n","protected":false},"author":1,"featured_media":0,"parent":0,"menu_order":0,"comment_status":"closed","ping_status":"closed","template":"","meta":[],"_links":{"self":[{"href":"https:\/\/kita-schatztruhe.info\/index.php?rest_route=\/wp\/v2\/pages\/760"}],"collection":[{"href":"https:\/\/kita-schatztruhe.info\/index.php?rest_route=\/wp\/v2\/pages"}],"about":[{"href":"https:\/\/kita-schatztruhe.info\/index.php?rest_route=\/wp\/v2\/types\/page"}],"author":[{"embeddable":true,"href":"https:\/\/kita-schatztruhe.info\/index.php?rest_route=\/wp\/v2\/users\/1"}],"replies":[{"embeddable":true,"href":"https:\/\/kita-schatztruhe.info\/index.php?rest_route=%2Fwp%2Fv2%2Fcomments&post=760"}],"version-history":[{"count":4,"href":"https:\/\/kita-schatztruhe.info\/index.php?rest_route=\/wp\/v2\/pages\/760\/revisions"}],"predecessor-version":[{"id":768,"href":"https:\/\/kita-schatztruhe.info\/index.php?rest_route=\/wp\/v2\/pages\/760\/revisions\/768"}],"wp:attachment":[{"href":"https:\/\/kita-schatztruhe.info\/index.php?rest_route=%2Fwp%2Fv2%2Fmedia&parent=760"}],"curies":[{"name":"wp","href":"https:\/\/api.w.org\/{rel}","templated":true}]}}